{"id":11,"date":"2022-02-10T19:09:19","date_gmt":"2022-02-10T19:09:19","guid":{"rendered":"https:\/\/djnyack.com\/site-wp\/?page_id=11"},"modified":"2022-02-10T23:47:12","modified_gmt":"2022-02-10T23:47:12","slug":"sobre","status":"publish","type":"page","link":"https:\/\/djnyack.com\/site\/sobre\/","title":{"rendered":"Sobre"},"content":{"rendered":"<div class=\"release\">\n<div class=\"release__text\">\n<div class=\"text__inner\">\n<h1>DJ Nyack j\u00e1 coleciona momento de proje\u00e7\u00e3o nacional e internacional.<\/h1>\n<p>Conhecido como um dos profissionais dos toca discos mais jovem na idade.<\/p>\n<p>Desde 2007 acompanha o rapper Emicida, al\u00e9m de fazer parte de outros projetos de sucesso como a festa Discop\u00e9dia e o podcast Freq\u00fc\u00eancia Modulada. Recentemente lan\u00e7ou o EP \u201cMundo\u201d em parceria com a Luedji Luna onde eles<br \/>\napresentam outras vers\u00f5es de 5 m\u00fasicas do album \u201cUm Corpo No Mundo\u201d de Luedji.<\/p>\n<p>O DJ ainda divide seu gosto musical atrav\u00e9s de mixtapes postadas em seu site mensalmente.<\/p>\n<\/div>\n<\/div>\n<div class=\"release__image\">\n<h1>DJ Nyack j\u00e1 coleciona momento de proje\u00e7\u00e3o nacional e internacional.<\/h1>\n<p><img decoding=\"async\" src=\"https:\/\/djnyack.com\/site\/wp-content\/themes\/djnyack\/assets\/images\/nyack-about.png\"><\/p>\n<\/div>\n<\/div>\n","protected":false},"excerpt":{"rendered":"<p>DJ Nyack j\u00e1 coleciona momento de proje\u00e7\u00e3o nacional e internacional. Conhecido como um dos profissionais dos toca discos mais jovem na idade. Desde 2007 acompanha o rapper Emicida, al\u00e9m de fazer parte de outros projetos de sucesso como a festa Discop\u00e9dia e o podcast Freq\u00fc\u00eancia Modulada. Recentemente lan\u00e7ou o EP \u201cMundo\u201d em parceria com a [&hellip;]<\/p>\n","protected":false},"author":1,"featured_media":0,"parent":0,"menu_order":0,"comment_status":"closed","ping_status":"closed","template":"","meta":[],"acf":[],"_links":{"self":[{"href":"https:\/\/djnyack.com\/site\/wp-json\/wp\/v2\/pages\/11"}],"collection":[{"href":"https:\/\/djnyack.com\/site\/wp-json\/wp\/v2\/pages"}],"about":[{"href":"https:\/\/djnyack.com\/site\/wp-json\/wp\/v2\/types\/page"}],"author":[{"embeddable":true,"href":"https:\/\/djnyack.com\/site\/wp-json\/wp\/v2\/users\/1"}],"replies":[{"embeddable":true,"href":"https:\/\/djnyack.com\/site\/wp-json\/wp\/v2\/comments?post=11"}],"version-history":[{"count":3,"href":"https:\/\/djnyack.com\/site\/wp-json\/wp\/v2\/pages\/11\/revisions"}],"predecessor-version":[{"id":495,"href":"https:\/\/djnyack.com\/site\/wp-json\/wp\/v2\/pages\/11\/revisions\/495"}],"wp:attachment":[{"href":"https:\/\/djnyack.com\/site\/wp-json\/wp\/v2\/media?parent=11"}],"curies":[{"name":"wp","href":"https:\/\/api.w.org\/{rel}","templated":true}]}}